{"id":2488,"date":"2024-09-21T16:17:51","date_gmt":"2024-09-21T08:17:51","guid":{"rendered":"https:\/\/joident.com\/?page_id=2488"},"modified":"2026-04-16T15:08:14","modified_gmt":"2026-04-16T07:08:14","slug":"water-distiller","status":"publish","type":"page","link":"https:\/\/joident.com\/water-distiller\/","title":{"rendered":"Destiladores de agua Modelos m\u00e1s vendidos"},"content":{"rendered":"<div data-elementor-type=\"wp-page\" data-elementor-id=\"2488\" class=\"elementor elementor-2488\" data-elementor-post-type=\"page\">\n\t\t\t\t<div class=\"elementor-element elementor-element-6b6aaf83 e-con-full e-flex e-con e-parent\" data-id=\"6b6aaf83\" data-element_type=\"container\" data-settings=\"{&quot;background_background&quot;:&quot;classic&quot;}\">\n\t\t\t\t<div class=\"elementor-element elementor-element-7a2a4856 elementor-widget elementor-widget-heading\" data-id=\"7a2a4856\" data-element_type=\"widget\" data-widget_type=\"heading.default\">\n\t\t\t\t<div class=\"elementor-widget-container\">\n\t\t\t\t\t<h2 class=\"elementor-heading-title elementor-size-default\">Destiladores de agua Modelos m\u00e1s vendidos<\/h2>\t\t\t\t<\/div>\n\t\t\t\t<\/div>\n\t\t\t\t<\/div>\n\t\t<div class=\"elementor-element elementor-element-4354fe07 e-con-full e-flex e-con e-parent\" data-id=\"4354fe07\" data-element_type=\"container\" data-settings=\"{&quot;background_background&quot;:&quot;classic&quot;}\">\n\t\t\t\t<div class=\"elementor-element elementor-element-3a75c436 elementor-cta--skin-cover elementor-cta--valign-top elementor-widget__width-initial elementor-invisible elementor-widget elementor-widget-call-to-action\" data-id=\"3a75c436\" data-element_type=\"widget\" data-settings=\"{&quot;_animation&quot;:&quot;fadeInUp&quot;}\" data-widget_type=\"call-to-action.default\">\n\t\t\t\t<div class=\"elementor-widget-container\">\n\t\t\t\t\t\t\t<a class=\"elementor-cta\" href=\"https:\/\/joident.com\/es\/water-distiller-distilo\/\">\n\t\t\t\t\t<div class=\"elementor-cta__bg-wrapper\">\n\t\t\t\t<div class=\"elementor-cta__bg elementor-bg lazyload\" style=\"background-image:inherit;\" role=\"img\" aria-label=\"Distilo\" data-bg-image=\"url(https:\/\/joident.com\/wp-content\/uploads\/2024\/09\/\u77e9\u5f62-3@3x-1-1.png)\"><\/div>\n\t\t\t\t<div class=\"elementor-cta__bg-overlay\"><\/div>\n\t\t\t<\/div>\n\t\t\t\t\t\t\t<div class=\"elementor-cta__content\">\n\t\t\t\t\n\t\t\t\t\t\t\t\t\t<span class=\"elementor-cta__title elementor-cta__content-item elementor-content-item\">\n\t\t\t\t\t\tDistilo\t\t\t\t\t<\/span>\n\t\t\t\t\n\t\t\t\t\t\t\t\t\t<div class=\"elementor-cta__description elementor-cta__content-item elementor-content-item\">\n\t\t\t\t\t\tM\u00e1s informaci\u00f3n &gt;\t\t\t\t\t<\/div>\n\t\t\t\t\n\t\t\t\t\t\t\t<\/div>\n\t\t\t\t\t\t<\/a>\n\t\t\t\t\t\t<\/div>\n\t\t\t\t<\/div>\n\t\t\t\t<div class=\"elementor-element elementor-element-6c58804d elementor-cta--skin-cover elementor-cta--valign-top elementor-widget__width-initial elementor-invisible elementor-widget elementor-widget-call-to-action\" data-id=\"6c58804d\" data-element_type=\"widget\" data-settings=\"{&quot;_animation&quot;:&quot;fadeInUp&quot;}\" data-widget_type=\"call-to-action.default\">\n\t\t\t\t<div class=\"elementor-widget-container\">\n\t\t\t\t\t\t\t<a class=\"elementor-cta\" href=\"https:\/\/joident.com\/es\/waterdistiller-distilo-ii\/\">\n\t\t\t\t\t<div class=\"elementor-cta__bg-wrapper\">\n\t\t\t\t<div class=\"elementor-cta__bg elementor-bg lazyload\" style=\"background-image:inherit;\" role=\"img\" aria-label=\"\u70ed\u95002\" data-bg-image=\"url(https:\/\/joident.com\/wp-content\/uploads\/2026\/04\/\u70ed\u95002-1.png)\"><\/div>\n\t\t\t\t<div class=\"elementor-cta__bg-overlay\"><\/div>\n\t\t\t<\/div>\n\t\t\t\t\t\t\t<div class=\"elementor-cta__content\">\n\t\t\t\t\n\t\t\t\t\t\t\t\t\t<span class=\"elementor-cta__title elementor-cta__content-item elementor-content-item\">\n\t\t\t\t\t\tDistilo II \t\t\t\t\t<\/span>\n\t\t\t\t\n\t\t\t\t\t\t\t\t\t<div class=\"elementor-cta__description elementor-cta__content-item elementor-content-item\">\n\t\t\t\t\t\tM\u00e1s informaci\u00f3n &gt;\t\t\t\t\t<\/div>\n\t\t\t\t\n\t\t\t\t\t\t\t<\/div>\n\t\t\t\t\t\t<\/a>\n\t\t\t\t\t\t<\/div>\n\t\t\t\t<\/div>\n\t\t\t\t<\/div>\n\t\t\t\t<\/div>","protected":false},"excerpt":{"rendered":"<p>Water Distiller Best-selling Models Distilo Learn more > Distilo II Learn more ><\/p>","protected":false},"author":1,"featured_media":0,"parent":0,"menu_order":0,"comment_status":"closed","ping_status":"closed","template":"elementor_header_footer","meta":{"_acf_changed":false,"footnotes":""},"class_list":["post-2488","page","type-page","status-publish"],"acf":[],"yoast_head":"<!-- This site is optimized with the Yoast SEO plugin v26.5 - https:\/\/yoast.com\/wordpress\/plugins\/seo\/ -->\n<title>Water Distiller Best-selling Models<\/title>\n<meta name=\"description\" content=\"Highly effective purification and effortless controls \u2013 ideal for labs, clinics, homes, and compact workspaces.\" \/>\n<meta name=\"robots\" content=\"index, follow, max-snippet:-1, max-image-preview:large, max-video-preview:-1\" \/>\n<link rel=\"canonical\" href=\"https:\/\/joident.com\/es\/water-distiller\/\" \/>\n<meta property=\"og:locale\" content=\"es_ES\" \/>\n<meta property=\"og:type\" content=\"article\" \/>\n<meta property=\"og:title\" content=\"Water Distiller Best-selling Models\" \/>\n<meta property=\"og:description\" content=\"Highly effective purification and effortless controls \u2013 ideal for labs, clinics, homes, and compact workspaces.\" \/>\n<meta property=\"og:url\" content=\"https:\/\/joident.com\/es\/water-distiller\/\" \/>\n<meta property=\"og:site_name\" content=\"Joident\" \/>\n<meta property=\"article:modified_time\" content=\"2026-04-16T07:08:14+00:00\" \/>\n<meta property=\"og:image\" content=\"https:\/\/joident.com\/wp-content\/uploads\/2024\/06\/\u7ec4-22-e1740889668321.png\" \/>\n\t<meta property=\"og:image:width\" content=\"182\" \/>\n\t<meta property=\"og:image:height\" content=\"60\" \/>\n\t<meta property=\"og:image:type\" content=\"image\/png\" \/>\n<meta name=\"twitter:card\" content=\"summary_large_image\" \/>\n<meta name=\"twitter:label1\" content=\"Tiempo de lectura\" \/>\n\t<meta name=\"twitter:data1\" content=\"1 minuto\" \/>\n<script type=\"application\/ld+json\" class=\"yoast-schema-graph\">{\"@context\":\"https:\/\/schema.org\",\"@graph\":[{\"@type\":\"WebPage\",\"@id\":\"https:\/\/joident.com\/water-distiller\/\",\"url\":\"https:\/\/joident.com\/water-distiller\/\",\"name\":\"Water Distiller Best-selling Models\",\"isPartOf\":{\"@id\":\"https:\/\/joident.com\/es\/#website\"},\"datePublished\":\"2024-09-21T08:17:51+00:00\",\"dateModified\":\"2026-04-16T07:08:14+00:00\",\"description\":\"Highly effective purification and effortless controls \u2013 ideal for labs, clinics, homes, and compact workspaces.\",\"breadcrumb\":{\"@id\":\"https:\/\/joident.com\/water-distiller\/#breadcrumb\"},\"inLanguage\":\"es\",\"potentialAction\":[{\"@type\":\"ReadAction\",\"target\":[\"https:\/\/joident.com\/water-distiller\/\"]}]},{\"@type\":\"BreadcrumbList\",\"@id\":\"https:\/\/joident.com\/water-distiller\/#breadcrumb\",\"itemListElement\":[{\"@type\":\"ListItem\",\"position\":1,\"name\":\"\u9996\u9875\",\"item\":\"https:\/\/joident.com\/es\/joident-dental-autoclave-steam-sterilizer-manufacturer-espanol__trashed\/\"},{\"@type\":\"ListItem\",\"position\":2,\"name\":\"Water Distiller Best-selling Models\"}]},{\"@type\":\"WebSite\",\"@id\":\"https:\/\/joident.com\/es\/#website\",\"url\":\"https:\/\/joident.com\/es\/\",\"name\":\"Joident\",\"description\":\"Dental Autoclave, Steam Sterilizer Manufacturer\",\"publisher\":{\"@id\":\"https:\/\/joident.com\/es\/#organization\"},\"potentialAction\":[{\"@type\":\"SearchAction\",\"target\":{\"@type\":\"EntryPoint\",\"urlTemplate\":\"https:\/\/joident.com\/es\/?s={search_term_string}\"},\"query-input\":{\"@type\":\"PropertyValueSpecification\",\"valueRequired\":true,\"valueName\":\"search_term_string\"}}],\"inLanguage\":\"es\"},{\"@type\":\"Organization\",\"@id\":\"https:\/\/joident.com\/es\/#organization\",\"name\":\"\u4e54\u767b\u7535\u5b50\",\"url\":\"https:\/\/joident.com\/es\/\",\"logo\":{\"@type\":\"ImageObject\",\"inLanguage\":\"es\",\"@id\":\"https:\/\/joident.com\/es\/#\/schema\/logo\/image\/\",\"url\":\"https:\/\/joident.com\/wp-content\/uploads\/2024\/06\/\u7ec4-22-e1740889668321.png\",\"contentUrl\":\"https:\/\/joident.com\/wp-content\/uploads\/2024\/06\/\u7ec4-22-e1740889668321.png\",\"width\":182,\"height\":60,\"caption\":\"\u4e54\u767b\u7535\u5b50\"},\"image\":{\"@id\":\"https:\/\/joident.com\/es\/#\/schema\/logo\/image\/\"}}]}<\/script>\n<!-- \/ Yoast SEO plugin. -->","yoast_head_json":{"title":"Destiladores de agua Modelos m\u00e1s vendidos","description":"Purificaci\u00f3n altamente eficaz y controles sin esfuerzo: ideal para laboratorios, cl\u00ednicas, hogares y espacios de trabajo compactos.","robots":{"index":"index","follow":"follow","max-snippet":"max-snippet:-1","max-image-preview":"max-image-preview:large","max-video-preview":"max-video-preview:-1"},"canonical":"https:\/\/joident.com\/es\/water-distiller\/","og_locale":"es_ES","og_type":"article","og_title":"Water Distiller Best-selling Models","og_description":"Highly effective purification and effortless controls \u2013 ideal for labs, clinics, homes, and compact workspaces.","og_url":"https:\/\/joident.com\/es\/water-distiller\/","og_site_name":"Joident","article_modified_time":"2026-04-16T07:08:14+00:00","og_image":[{"width":182,"height":60,"url":"https:\/\/joident.com\/wp-content\/uploads\/2024\/06\/\u7ec4-22-e1740889668321.png","type":"image\/png"}],"twitter_card":"summary_large_image","twitter_misc":{"Tiempo de lectura":"1 minuto"},"schema":{"@context":"https:\/\/schema.org","@graph":[{"@type":"WebPage","@id":"https:\/\/joident.com\/water-distiller\/","url":"https:\/\/joident.com\/water-distiller\/","name":"Destiladores de agua Modelos m\u00e1s vendidos","isPartOf":{"@id":"https:\/\/joident.com\/es\/#website"},"datePublished":"2024-09-21T08:17:51+00:00","dateModified":"2026-04-16T07:08:14+00:00","description":"Purificaci\u00f3n altamente eficaz y controles sin esfuerzo: ideal para laboratorios, cl\u00ednicas, hogares y espacios de trabajo compactos.","breadcrumb":{"@id":"https:\/\/joident.com\/water-distiller\/#breadcrumb"},"inLanguage":"es","potentialAction":[{"@type":"ReadAction","target":["https:\/\/joident.com\/water-distiller\/"]}]},{"@type":"BreadcrumbList","@id":"https:\/\/joident.com\/water-distiller\/#breadcrumb","itemListElement":[{"@type":"ListItem","position":1,"name":"\u9996\u9875","item":"https:\/\/joident.com\/es\/joident-dental-autoclave-steam-sterilizer-manufacturer-espanol__trashed\/"},{"@type":"ListItem","position":2,"name":"Water Distiller Best-selling Models"}]},{"@type":"WebSite","@id":"https:\/\/joident.com\/es\/#website","url":"https:\/\/joident.com\/es\/","name":"Joident","description":"Autoclave dental, Esterilizador de vapor Fabricante","publisher":{"@id":"https:\/\/joident.com\/es\/#organization"},"potentialAction":[{"@type":"SearchAction","target":{"@type":"EntryPoint","urlTemplate":"https:\/\/joident.com\/es\/?s={search_term_string}"},"query-input":{"@type":"PropertyValueSpecification","valueRequired":true,"valueName":"search_term_string"}}],"inLanguage":"es"},{"@type":"Organization","@id":"https:\/\/joident.com\/es\/#organization","name":"\u4e54\u767b\u7535\u5b50","url":"https:\/\/joident.com\/es\/","logo":{"@type":"ImageObject","inLanguage":"es","@id":"https:\/\/joident.com\/es\/#\/schema\/logo\/image\/","url":"https:\/\/joident.com\/wp-content\/uploads\/2024\/06\/\u7ec4-22-e1740889668321.png","contentUrl":"https:\/\/joident.com\/wp-content\/uploads\/2024\/06\/\u7ec4-22-e1740889668321.png","width":182,"height":60,"caption":"\u4e54\u767b\u7535\u5b50"},"image":{"@id":"https:\/\/joident.com\/es\/#\/schema\/logo\/image\/"}}]}},"_links":{"self":[{"href":"https:\/\/joident.com\/es\/wp-json\/wp\/v2\/pages\/2488","targetHints":{"allow":["GET"]}}],"collection":[{"href":"https:\/\/joident.com\/es\/wp-json\/wp\/v2\/pages"}],"about":[{"href":"https:\/\/joident.com\/es\/wp-json\/wp\/v2\/types\/page"}],"author":[{"embeddable":true,"href":"https:\/\/joident.com\/es\/wp-json\/wp\/v2\/users\/1"}],"replies":[{"embeddable":true,"href":"https:\/\/joident.com\/es\/wp-json\/wp\/v2\/comments?post=2488"}],"version-history":[{"count":30,"href":"https:\/\/joident.com\/es\/wp-json\/wp\/v2\/pages\/2488\/revisions"}],"predecessor-version":[{"id":5717,"href":"https:\/\/joident.com\/es\/wp-json\/wp\/v2\/pages\/2488\/revisions\/5717"}],"wp:attachment":[{"href":"https:\/\/joident.com\/es\/wp-json\/wp\/v2\/media?parent=2488"}],"curies":[{"name":"wp","href":"https:\/\/api.w.org\/{rel}","templated":true}]}}