{"id":1164,"date":"2024-06-27T15:22:51","date_gmt":"2024-06-27T07:22:51","guid":{"rendered":"http:\/\/joident.com\/?page_id=1164"},"modified":"2025-05-12T23:11:32","modified_gmt":"2025-05-12T15:11:32","slug":"about","status":"publish","type":"page","link":"https:\/\/joident.com\/about\/","title":{"rendered":"\u5173\u4e8e Joident"},"content":{"rendered":"<div data-elementor-type=\"wp-page\" data-elementor-id=\"1164\" class=\"elementor elementor-1164\" data-elementor-post-type=\"page\">\n\t\t\t\t<div class=\"elementor-element elementor-element-77837f2c e-con-full e-flex e-con e-parent\" data-id=\"77837f2c\" data-element_type=\"container\" data-settings=\"{&quot;background_background&quot;:&quot;classic&quot;}\">\n\t\t\t\t<div class=\"elementor-element elementor-element-536c707 elementor-widget elementor-widget-heading\" data-id=\"536c707\" data-element_type=\"widget\" data-widget_type=\"heading.default\">\n\t\t\t\t<div class=\"elementor-widget-container\">\n\t\t\t\t\t<h2 class=\"elementor-heading-title elementor-size-default\">Joident<\/h2>\t\t\t\t<\/div>\n\t\t\t\t<\/div>\n\t\t\t\t<div class=\"elementor-element elementor-element-0746e71 elementor-widget elementor-widget-heading\" data-id=\"0746e71\" data-element_type=\"widget\" data-widget_type=\"heading.default\">\n\t\t\t\t<div class=\"elementor-widget-container\">\n\t\t\t\t\t<h2 class=\"elementor-heading-title elementor-size-default\">La profesionalidad no cesa<\/h2>\t\t\t\t<\/div>\n\t\t\t\t<\/div>\n\t\t\t\t<div class=\"elementor-element elementor-element-5db14e2 elementor-widget elementor-widget-heading\" data-id=\"5db14e2\" data-element_type=\"widget\" data-widget_type=\"heading.default\">\n\t\t\t\t<div class=\"elementor-widget-container\">\n\t\t\t\t\t<h2 class=\"elementor-heading-title elementor-size-default\">La profesionalidad no cesa<\/h2>\t\t\t\t<\/div>\n\t\t\t\t<\/div>\n\t\t\t\t<\/div>\n\t\t<div class=\"elementor-element elementor-element-3a6d289a e-con-full e-flex e-con e-parent\" data-id=\"3a6d289a\" data-element_type=\"container\" data-settings=\"{&quot;background_background&quot;:&quot;classic&quot;}\">\n\t\t\t\t<div class=\"elementor-element elementor-element-772a8b68 elementor-cta--skin-cover elementor-cta--valign-bottom elementor-widget__width-initial elementor-invisible elementor-widget elementor-widget-call-to-action\" data-id=\"772a8b68\" data-element_type=\"widget\" data-settings=\"{&quot;_animation&quot;:&quot;fadeInUp&quot;}\" data-widget_type=\"call-to-action.default\">\n\t\t\t\t<div class=\"elementor-widget-container\">\n\t\t\t\t\t\t\t<a class=\"elementor-cta\" href=\"#elementor-action%3Aaction%3Dpopup%3Aopen%26settings%3DeyJpZCI6IjIxODciLCJ0b2dnbGUiOmZhbHNlfQ%3D%3D\">\n\t\t\t\t\t<div class=\"elementor-cta__bg-wrapper\">\n\t\t\t\t<div class=\"elementor-cta__bg elementor-bg lazyload\" style=\"background-image:inherit;\" role=\"img\" aria-label=\"\u5fae\u4fe1\u622a\u56fe_20241015205314\" data-bg-image=\"url(https:\/\/joident.com\/wp-content\/uploads\/2024\/10\/\u5fae\u4fe1\u622a\u56fe_20241015205314-1.jpg)\"><\/div>\n\t\t\t\t<div class=\"elementor-cta__bg-overlay\"><\/div>\n\t\t\t<\/div>\n\t\t\t\t\t\t\t<div class=\"elementor-cta__content\">\n\t\t\t\t\n\t\t\t\t\t\t\t\t\t<span class=\"elementor-cta__title elementor-cta__content-item elementor-content-item\">\n\t\t\t\t\t\tHistoria de la marca\t\t\t\t\t<\/span>\n\t\t\t\t\n\t\t\t\t\t\t\t\t\t<div class=\"elementor-cta__description elementor-cta__content-item elementor-content-item\">\n\t\t\t\t\t\tPresentaci\u00f3n de la empresa\t\t\t\t\t<\/div>\n\t\t\t\t\n\t\t\t\t\t\t\t<\/div>\n\t\t\t\t\t\t<\/a>\n\t\t\t\t\t\t<\/div>\n\t\t\t\t<\/div>\n\t\t\t\t<div class=\"elementor-element elementor-element-5286951c elementor-cta--skin-cover elementor-cta--valign-bottom elementor-widget__width-initial elementor-invisible elementor-widget elementor-widget-call-to-action\" data-id=\"5286951c\" data-element_type=\"widget\" data-settings=\"{&quot;_animation&quot;:&quot;fadeInUp&quot;,&quot;_animation_delay&quot;:&quot;400&quot;}\" data-widget_type=\"call-to-action.default\">\n\t\t\t\t<div class=\"elementor-widget-container\">\n\t\t\t\t\t\t\t<a class=\"elementor-cta\" href=\"#elementor-action%3Aaction%3Dpopup%3Aopen%26settings%3DeyJpZCI6IjIxOTkiLCJ0b2dnbGUiOmZhbHNlfQ%3D%3D\">\n\t\t\t\t\t<div class=\"elementor-cta__bg-wrapper\">\n\t\t\t\t<div class=\"elementor-cta__bg elementor-bg lazyload\" style=\"background-image:inherit;\" role=\"img\" aria-label=\"\u5fae\u4fe1\u56fe\u7247_20241016154829\" data-bg-image=\"url(https:\/\/joident.com\/wp-content\/uploads\/2024\/10\/\u5fae\u4fe1\u56fe\u7247_20241016154829.png)\"><\/div>\n\t\t\t\t<div class=\"elementor-cta__bg-overlay\"><\/div>\n\t\t\t<\/div>\n\t\t\t\t\t\t\t<div class=\"elementor-cta__content\">\n\t\t\t\t\n\t\t\t\t\t\t\t\t\t<span class=\"elementor-cta__title elementor-cta__content-item elementor-content-item\">\n\t\t\t\t\t\tNuestro equipo\t\t\t\t\t<\/span>\n\t\t\t\t\n\t\t\t\t\t\t\t\t\t<div class=\"elementor-cta__description elementor-cta__content-item elementor-content-item\">\n\t\t\t\t\t\tPresentaci\u00f3n de la empresa\t\t\t\t\t<\/div>\n\t\t\t\t\n\t\t\t\t\t\t\t<\/div>\n\t\t\t\t\t\t<\/a>\n\t\t\t\t\t\t<\/div>\n\t\t\t\t<\/div>\n\t\t\t\t<div class=\"elementor-element elementor-element-37c785c1 elementor-cta--skin-cover elementor-cta--valign-bottom elementor-widget__width-initial elementor-invisible elementor-widget elementor-widget-call-to-action\" data-id=\"37c785c1\" data-element_type=\"widget\" data-settings=\"{&quot;_animation&quot;:&quot;fadeInUp&quot;,&quot;_animation_delay&quot;:&quot;500&quot;}\" data-widget_type=\"call-to-action.default\">\n\t\t\t\t<div class=\"elementor-widget-container\">\n\t\t\t\t\t\t\t<a class=\"elementor-cta\" href=\"#elementor-action%3Aaction%3Dpopup%3Aopen%26settings%3DeyJpZCI6IjIyMDMiLCJ0b2dnbGUiOmZhbHNlfQ%3D%3D\">\n\t\t\t\t\t<div class=\"elementor-cta__bg-wrapper\">\n\t\t\t\t<div class=\"elementor-cta__bg elementor-bg lazyload\" style=\"background-image:inherit;\" role=\"img\" aria-label=\"\u5fae\u4fe1\u56fe\u7247_20241016181612\" data-bg-image=\"url(https:\/\/joident.com\/wp-content\/uploads\/2024\/10\/\u5fae\u4fe1\u56fe\u7247_20241016181612.png)\"><\/div>\n\t\t\t\t<div class=\"elementor-cta__bg-overlay\"><\/div>\n\t\t\t<\/div>\n\t\t\t\t\t\t\t<div class=\"elementor-cta__content\">\n\t\t\t\t\n\t\t\t\t\t\t\t\t\t<span class=\"elementor-cta__title elementor-cta__content-item elementor-content-item\">\n\t\t\t\t\t\tNuestros valores\t\t\t\t\t<\/span>\n\t\t\t\t\n\t\t\t\t\t\t\t\t\t<div class=\"elementor-cta__description elementor-cta__content-item elementor-content-item\">\n\t\t\t\t\t\tPresentaci\u00f3n de la empresa\t\t\t\t\t<\/div>\n\t\t\t\t\n\t\t\t\t\t\t\t<\/div>\n\t\t\t\t\t\t<\/a>\n\t\t\t\t\t\t<\/div>\n\t\t\t\t<\/div>\n\t\t\t\t<div class=\"elementor-element elementor-element-2271b0b8 elementor-cta--skin-cover elementor-cta--valign-bottom elementor-widget__width-initial elementor-invisible elementor-widget elementor-widget-call-to-action\" data-id=\"2271b0b8\" data-element_type=\"widget\" data-settings=\"{&quot;_animation&quot;:&quot;fadeInUp&quot;,&quot;_animation_delay&quot;:&quot;200&quot;}\" data-widget_type=\"call-to-action.default\">\n\t\t\t\t<div class=\"elementor-widget-container\">\n\t\t\t\t\t\t\t<a class=\"elementor-cta\" href=\"#elementor-action%3Aaction%3Dpopup%3Aopen%26settings%3DeyJpZCI6IjIxOTMiLCJ0b2dnbGUiOmZhbHNlfQ%3D%3D\">\n\t\t\t\t\t<div class=\"elementor-cta__bg-wrapper\">\n\t\t\t\t<div class=\"elementor-cta__bg elementor-bg lazyload\" style=\"background-image:inherit;\" role=\"img\" aria-label=\"\u5fae\u4fe1\u56fe\u7247_20241016194749\" data-bg-image=\"url(https:\/\/joident.com\/wp-content\/uploads\/2024\/10\/\u5fae\u4fe1\u56fe\u7247_20241016194749.jpg)\"><\/div>\n\t\t\t\t<div class=\"elementor-cta__bg-overlay\"><\/div>\n\t\t\t<\/div>\n\t\t\t\t\t\t\t<div class=\"elementor-cta__content\">\n\t\t\t\t\n\t\t\t\t\t\t\t\t\t<span class=\"elementor-cta__title elementor-cta__content-item elementor-content-item\">\n\t\t\t\t\t\tCertificaci\u00f3n y licencia\t\t\t\t\t<\/span>\n\t\t\t\t\n\t\t\t\t\t\t\t\t\t<div class=\"elementor-cta__description elementor-cta__content-item elementor-content-item\">\n\t\t\t\t\t\tHonores y cualificaciones\t\t\t\t\t<\/div>\n\t\t\t\t\n\t\t\t\t\t\t\t<\/div>\n\t\t\t\t\t\t<\/a>\n\t\t\t\t\t\t<\/div>\n\t\t\t\t<\/div>\n\t\t\t\t<div class=\"elementor-element elementor-element-548b5693 elementor-cta--skin-cover elementor-cta--valign-bottom elementor-widget__width-initial elementor-invisible elementor-widget elementor-widget-call-to-action\" data-id=\"548b5693\" data-element_type=\"widget\" data-settings=\"{&quot;_animation&quot;:&quot;fadeInUp&quot;,&quot;_animation_delay&quot;:&quot;100&quot;}\" data-widget_type=\"call-to-action.default\">\n\t\t\t\t<div class=\"elementor-widget-container\">\n\t\t\t\t\t\t\t<a class=\"elementor-cta\" href=\"#elementor-action%3Aaction%3Dpopup%3Aopen%26settings%3DeyJpZCI6IjIxOTAiLCJ0b2dnbGUiOmZhbHNlfQ%3D%3D\">\n\t\t\t\t\t<div class=\"elementor-cta__bg-wrapper\">\n\t\t\t\t<div class=\"elementor-cta__bg elementor-bg lazyload\" style=\"background-image:inherit;\" role=\"img\" aria-label=\"\u5fae\u4fe1\u56fe\u7247_20241016143153\" data-bg-image=\"url(https:\/\/joident.com\/wp-content\/uploads\/2024\/10\/\u5fae\u4fe1\u56fe\u7247_20241016143153.png)\"><\/div>\n\t\t\t\t<div class=\"elementor-cta__bg-overlay\"><\/div>\n\t\t\t<\/div>\n\t\t\t\t\t\t\t<div class=\"elementor-cta__content\">\n\t\t\t\t\n\t\t\t\t\t\t\t\t\t<span class=\"elementor-cta__title elementor-cta__content-item elementor-content-item\">\n\t\t\t\t\t\tCertificado de patente del producto\t\t\t\t\t<\/span>\n\t\t\t\t\n\t\t\t\t\t\t\t\t\t<div class=\"elementor-cta__description elementor-cta__content-item elementor-content-item\">\n\t\t\t\t\t\tHonores y cualificaciones\t\t\t\t\t<\/div>\n\t\t\t\t\n\t\t\t\t\t\t\t<\/div>\n\t\t\t\t\t\t<\/a>\n\t\t\t\t\t\t<\/div>\n\t\t\t\t<\/div>\n\t\t\t\t<div class=\"elementor-element elementor-element-7c796772 elementor-cta--skin-cover elementor-cta--valign-bottom elementor-widget__width-initial elementor-invisible elementor-widget elementor-widget-call-to-action\" data-id=\"7c796772\" data-element_type=\"widget\" data-settings=\"{&quot;_animation&quot;:&quot;fadeInUp&quot;,&quot;_animation_delay&quot;:&quot;300&quot;}\" data-widget_type=\"call-to-action.default\">\n\t\t\t\t<div class=\"elementor-widget-container\">\n\t\t\t\t\t\t\t<a class=\"elementor-cta\" href=\"#elementor-action%3Aaction%3Dpopup%3Aopen%26settings%3DeyJpZCI6IjIxOTYiLCJ0b2dnbGUiOmZhbHNlfQ%3D%3D\">\n\t\t\t\t\t<div class=\"elementor-cta__bg-wrapper\">\n\t\t\t\t<div class=\"elementor-cta__bg elementor-bg lazyload\" style=\"background-image:inherit;\" role=\"img\" aria-label=\"ryzs\" data-bg-image=\"url(https:\/\/joident.com\/wp-content\/uploads\/2024\/10\/ryzs.jpg)\"><\/div>\n\t\t\t\t<div class=\"elementor-cta__bg-overlay\"><\/div>\n\t\t\t<\/div>\n\t\t\t\t\t\t\t<div class=\"elementor-cta__content\">\n\t\t\t\t\n\t\t\t\t\t\t\t\t\t<span class=\"elementor-cta__title elementor-cta__content-item elementor-content-item\">\n\t\t\t\t\t\tHonores y cualificaciones\t\t\t\t\t<\/span>\n\t\t\t\t\n\t\t\t\t\t\t\t\t\t<div class=\"elementor-cta__description elementor-cta__content-item elementor-content-item\">\n\t\t\t\t\t\tHonores y cualificaciones\t\t\t\t\t<\/div>\n\t\t\t\t\n\t\t\t\t\t\t\t<\/div>\n\t\t\t\t\t\t<\/a>\n\t\t\t\t\t\t<\/div>\n\t\t\t\t<\/div>\n\t\t\t\t<\/div>\n\t\t\t\t<\/div>","protected":false},"excerpt":{"rendered":"<p>Joident La profesionalidad no cesa La profesionalidad no cesa Historia de la marca Presentaci\u00f3n de la empresa Nuestro equipo Presentaci\u00f3n de la empresa Nuestros valores Presentaci\u00f3n de la empresa Certificaci\u00f3n y licencia Honores y cualificaciones Certificado de patente de producto Honores y cualificaciones Honores y cualificaciones Honores y cualificaciones Honores y cualificaciones Honores y cualificaciones<\/p>","protected":false},"author":1,"featured_media":0,"parent":0,"menu_order":0,"comment_status":"closed","ping_status":"closed","template":"elementor_header_footer","meta":{"_acf_changed":false,"footnotes":""},"class_list":["post-1164","page","type-page","status-publish"],"acf":[],"yoast_head":"<!-- This site is optimized with the Yoast SEO plugin v26.5 - https:\/\/yoast.com\/wordpress\/plugins\/seo\/ -->\n<title>\u5173\u4e8e Joident - Joident<\/title>\n<meta name=\"robots\" content=\"index, follow, max-snippet:-1, max-image-preview:large, max-video-preview:-1\" \/>\n<link rel=\"canonical\" href=\"https:\/\/joident.com\/es\/about\/\" \/>\n<meta property=\"og:locale\" content=\"es_ES\" \/>\n<meta property=\"og:type\" content=\"article\" \/>\n<meta property=\"og:title\" content=\"\u5173\u4e8e Joident - Joident\" \/>\n<meta property=\"og:description\" content=\"Joident Professionalism Never Stops Professionalism Never Stops Brand history Company overview Our team Company overview Our values Company overview Certification and license Honors and Qualifications Product patent certificate Honors and Qualifications Honors and Qualifications Honors and Qualifications\" \/>\n<meta property=\"og:url\" content=\"https:\/\/joident.com\/es\/about\/\" \/>\n<meta property=\"og:site_name\" content=\"Joident\" \/>\n<meta property=\"article:modified_time\" content=\"2025-05-12T15:11:32+00:00\" \/>\n<meta property=\"og:image\" content=\"https:\/\/joident.com\/wp-content\/uploads\/2024\/06\/\u7ec4-22-e1740889668321.png\" \/>\n\t<meta property=\"og:image:width\" content=\"182\" \/>\n\t<meta property=\"og:image:height\" content=\"60\" \/>\n\t<meta property=\"og:image:type\" content=\"image\/png\" \/>\n<meta name=\"twitter:card\" content=\"summary_large_image\" \/>\n<meta name=\"twitter:label1\" content=\"Tiempo de lectura\" \/>\n\t<meta name=\"twitter:data1\" content=\"1 minuto\" \/>\n<script type=\"application\/ld+json\" class=\"yoast-schema-graph\">{\"@context\":\"https:\/\/schema.org\",\"@graph\":[{\"@type\":\"WebPage\",\"@id\":\"https:\/\/joident.com\/about\/\",\"url\":\"https:\/\/joident.com\/about\/\",\"name\":\"\u5173\u4e8e Joident - Joident\",\"isPartOf\":{\"@id\":\"https:\/\/joident.com\/es\/#website\"},\"datePublished\":\"2024-06-27T07:22:51+00:00\",\"dateModified\":\"2025-05-12T15:11:32+00:00\",\"breadcrumb\":{\"@id\":\"https:\/\/joident.com\/about\/#breadcrumb\"},\"inLanguage\":\"es\",\"potentialAction\":[{\"@type\":\"ReadAction\",\"target\":[\"https:\/\/joident.com\/about\/\"]}]},{\"@type\":\"BreadcrumbList\",\"@id\":\"https:\/\/joident.com\/about\/#breadcrumb\",\"itemListElement\":[{\"@type\":\"ListItem\",\"position\":1,\"name\":\"\u9996\u9875\",\"item\":\"https:\/\/joident.com\/es\/joident-dental-autoclave-steam-sterilizer-manufacturer-espanol__trashed\/\"},{\"@type\":\"ListItem\",\"position\":2,\"name\":\"\u5173\u4e8e Joident\"}]},{\"@type\":\"WebSite\",\"@id\":\"https:\/\/joident.com\/es\/#website\",\"url\":\"https:\/\/joident.com\/es\/\",\"name\":\"Joident\",\"description\":\"Dental Autoclave, Steam Sterilizer Manufacturer\",\"publisher\":{\"@id\":\"https:\/\/joident.com\/es\/#organization\"},\"potentialAction\":[{\"@type\":\"SearchAction\",\"target\":{\"@type\":\"EntryPoint\",\"urlTemplate\":\"https:\/\/joident.com\/es\/?s={search_term_string}\"},\"query-input\":{\"@type\":\"PropertyValueSpecification\",\"valueRequired\":true,\"valueName\":\"search_term_string\"}}],\"inLanguage\":\"es\"},{\"@type\":\"Organization\",\"@id\":\"https:\/\/joident.com\/es\/#organization\",\"name\":\"\u4e54\u767b\u7535\u5b50\",\"url\":\"https:\/\/joident.com\/es\/\",\"logo\":{\"@type\":\"ImageObject\",\"inLanguage\":\"es\",\"@id\":\"https:\/\/joident.com\/es\/#\/schema\/logo\/image\/\",\"url\":\"https:\/\/joident.com\/wp-content\/uploads\/2024\/06\/\u7ec4-22-e1740889668321.png\",\"contentUrl\":\"https:\/\/joident.com\/wp-content\/uploads\/2024\/06\/\u7ec4-22-e1740889668321.png\",\"width\":182,\"height\":60,\"caption\":\"\u4e54\u767b\u7535\u5b50\"},\"image\":{\"@id\":\"https:\/\/joident.com\/es\/#\/schema\/logo\/image\/\"}}]}<\/script>\n<!-- \/ Yoast SEO plugin. -->","yoast_head_json":{"title":"\u5173\u4e8e Joident - Joident","robots":{"index":"index","follow":"follow","max-snippet":"max-snippet:-1","max-image-preview":"max-image-preview:large","max-video-preview":"max-video-preview:-1"},"canonical":"https:\/\/joident.com\/es\/about\/","og_locale":"es_ES","og_type":"article","og_title":"\u5173\u4e8e Joident - Joident","og_description":"Joident Professionalism Never Stops Professionalism Never Stops Brand history Company overview Our team Company overview Our values Company overview Certification and license Honors and Qualifications Product patent certificate Honors and Qualifications Honors and Qualifications Honors and Qualifications","og_url":"https:\/\/joident.com\/es\/about\/","og_site_name":"Joident","article_modified_time":"2025-05-12T15:11:32+00:00","og_image":[{"width":182,"height":60,"url":"https:\/\/joident.com\/wp-content\/uploads\/2024\/06\/\u7ec4-22-e1740889668321.png","type":"image\/png"}],"twitter_card":"summary_large_image","twitter_misc":{"Tiempo de lectura":"1 minuto"},"schema":{"@context":"https:\/\/schema.org","@graph":[{"@type":"WebPage","@id":"https:\/\/joident.com\/about\/","url":"https:\/\/joident.com\/about\/","name":"\u5173\u4e8e Joident - Joident","isPartOf":{"@id":"https:\/\/joident.com\/es\/#website"},"datePublished":"2024-06-27T07:22:51+00:00","dateModified":"2025-05-12T15:11:32+00:00","breadcrumb":{"@id":"https:\/\/joident.com\/about\/#breadcrumb"},"inLanguage":"es","potentialAction":[{"@type":"ReadAction","target":["https:\/\/joident.com\/about\/"]}]},{"@type":"BreadcrumbList","@id":"https:\/\/joident.com\/about\/#breadcrumb","itemListElement":[{"@type":"ListItem","position":1,"name":"\u9996\u9875","item":"https:\/\/joident.com\/es\/joident-dental-autoclave-steam-sterilizer-manufacturer-espanol__trashed\/"},{"@type":"ListItem","position":2,"name":"\u5173\u4e8e Joident"}]},{"@type":"WebSite","@id":"https:\/\/joident.com\/es\/#website","url":"https:\/\/joident.com\/es\/","name":"Joident","description":"Autoclave dental, Esterilizador de vapor Fabricante","publisher":{"@id":"https:\/\/joident.com\/es\/#organization"},"potentialAction":[{"@type":"SearchAction","target":{"@type":"EntryPoint","urlTemplate":"https:\/\/joident.com\/es\/?s={search_term_string}"},"query-input":{"@type":"PropertyValueSpecification","valueRequired":true,"valueName":"search_term_string"}}],"inLanguage":"es"},{"@type":"Organization","@id":"https:\/\/joident.com\/es\/#organization","name":"\u4e54\u767b\u7535\u5b50","url":"https:\/\/joident.com\/es\/","logo":{"@type":"ImageObject","inLanguage":"es","@id":"https:\/\/joident.com\/es\/#\/schema\/logo\/image\/","url":"https:\/\/joident.com\/wp-content\/uploads\/2024\/06\/\u7ec4-22-e1740889668321.png","contentUrl":"https:\/\/joident.com\/wp-content\/uploads\/2024\/06\/\u7ec4-22-e1740889668321.png","width":182,"height":60,"caption":"\u4e54\u767b\u7535\u5b50"},"image":{"@id":"https:\/\/joident.com\/es\/#\/schema\/logo\/image\/"}}]}},"_links":{"self":[{"href":"https:\/\/joident.com\/es\/wp-json\/wp\/v2\/pages\/1164","targetHints":{"allow":["GET"]}}],"collection":[{"href":"https:\/\/joident.com\/es\/wp-json\/wp\/v2\/pages"}],"about":[{"href":"https:\/\/joident.com\/es\/wp-json\/wp\/v2\/types\/page"}],"author":[{"embeddable":true,"href":"https:\/\/joident.com\/es\/wp-json\/wp\/v2\/users\/1"}],"replies":[{"embeddable":true,"href":"https:\/\/joident.com\/es\/wp-json\/wp\/v2\/comments?post=1164"}],"version-history":[{"count":185,"href":"https:\/\/joident.com\/es\/wp-json\/wp\/v2\/pages\/1164\/revisions"}],"predecessor-version":[{"id":5447,"href":"https:\/\/joident.com\/es\/wp-json\/wp\/v2\/pages\/1164\/revisions\/5447"}],"wp:attachment":[{"href":"https:\/\/joident.com\/es\/wp-json\/wp\/v2\/media?parent=1164"}],"curies":[{"name":"wp","href":"https:\/\/api.w.org\/{rel}","templated":true}]}}